{"id":8096,"date":"2018-02-28T07:40:29","date_gmt":"2018-02-28T07:40:29","guid":{"rendered":"https:\/\/enovathemes.com\/samatex\/?page_id=8096"},"modified":"2021-11-29T17:38:07","modified_gmt":"2021-11-29T17:38:07","slug":"nosotros","status":"publish","type":"page","link":"https:\/\/baazconsultores.com\/index.php\/nosotros\/","title":{"rendered":"Acerca de BAAZ"},"content":{"rendered":"[vc_row gap=\u00bb40&#8243; equal_height=\u00bbyes\u00bb content_placement=\u00bbmiddle\u00bb element_id=\u00bb895324&#8243; element_css=\u00bb.vc-row-331899 .animated-container {background-image:url(https:\/\/baazconsultores.com\/wp-content\/uploads\/2018\/12\/map_transparent_dark.png);}.vc-row-331899 .top-gradient {background:linear-gradient(to bottom, #fd9d50 0%,rgba(255,255,255,0) 100%);}.vc-row-331899 .bottom-gradient {background:linear-gradient(to top, #fd9d50 0%,rgba(255,255,255,0) 100%);}\u00bb css=\u00bb.vc_custom_1548927301070{padding-top: 56px !important;padding-bottom: 96px !important;}\u00bb el_id=\u00bbone-page-about-us\u00bb][vc_column animation_delay=\u00bb0&#8243; css_animation=\u00bbbottom-to-top\u00bb element_id=\u00bb843083&#8243; crp=\u00bb480:i:i,480-768:i:i,768-1024:i:i,1024-1280:15:15,1280-1366:i:i,1366-1600:i:i,1600-1920:i:i\u00bb offset=\u00bbvc_col-lg-6 vc_col-md-12 vc_col-xs-12&#8243;][vc_gallery interval=\u00bb3&#8243; images=\u00bb17879,17880&#8243; img_size=\u00bb600&#215;400&#8243; onclick=\u00bb\u00bb css_animation=\u00bbfadeInLeftBig\u00bb][\/vc_column][vc_column animation_delay=\u00bb150&#8243; css_animation=\u00bbtop-to-bottom\u00bb element_id=\u00bb504275&#8243; crp=\u00bb480:i:i,480-768:i:i,768-1024:i:i,1024-1280:15:15,1280-1366:i:i,1366-1600:i:i,1600-1920:i:i\u00bb offset=\u00bbvc_col-lg-6 vc_col-md-12 vc_col-xs-12&#8243;]<h3 class=\"et-heading text-align-left tablet-text-align-inherit mobile-text-align-inherit animate-true curtain-bottom curtain\" id=\"et-heading-836895\" data-delay=\"0\" data-mobile-font=\"56px\" data-mobile-line-height=\"inherit\" data-tablet-landscape-font=\"inherit\" data-tablet-portrait-font=\"inherit\" data-tablet-landscape-line-height=\"inherit\" data-tablet-portrait-line-height=\"inherit\" data-parallax=\"false\" data-move=\"false\" data-coordinatex=\"0\" data-coordinatey=\"0\" data-speed=\"10\"><span class=\"text-wrapper\"><span class=\"text\">BAAZ CONSULTORES<\/span><span class=\"curtain\"><\/span><\/span><\/h3><span class=\"et-gap et-clearfix et-gap-138704\"><\/span>[vc_column_text animation_delay=\u00bb0&#8243; css_animation=\u00bbfadeInRightBig\u00bb]<span class=\"et-font-size\" data-fontsize=\"24px\" data-lineheight=\"32px\"><span style=\"color: #000000;\">Somos un despacho boutique de profesionistas especializados en materia contable y fiscal.<br \/>\n<\/span><\/span>[\/vc_column_text][\/vc_column][\/vc_row][vc_row css_animation=\u00bbfadeInUp\u00bb element_id=\u00bb635815&#8243; element_css=\u00bb.vc-row-667817 .parallax-container {background-image:url(https:\/\/baazconsultores.com\/wp-content\/uploads\/2019\/01\/industrial6-2.jpg);}\u00bb grid_overlay=\u00bbwhite\u00bb css=\u00bb.vc_custom_1638207352007{padding-top: 120px !important;padding-bottom: 120px !important;background-image: url(https:\/\/baazconsultores.com\/wp-content\/uploads\/2021\/11\/fondo-02.jpg?id=17856) !important;}\u00bb el_class=\u00bbbackground-position-right-bottom\u00bb][vc_column animation_delay=\u00bb0&#8243; element_id=\u00bb401125&#8243; crp=\u00bb480:i:i,480-768:i:i,768-1024:10:10,1024-1280:20:20,1280-1366:i:i,1366-1600:i:i,1600-1920:i:i\u00bb offset=\u00bbvc_col-lg-6 vc_col-md-12 vc_col-xs-12&#8243;]<h1 class=\"et-heading text-align-left tablet-text-align-inherit mobile-text-align-inherit animate-true curtain-bottom curtain\" id=\"et-heading-543444\" data-delay=\"0\" data-mobile-font=\"inherit\" data-mobile-line-height=\"inherit\" data-tablet-landscape-font=\"inherit\" data-tablet-portrait-font=\"inherit\" data-tablet-landscape-line-height=\"inherit\" data-tablet-portrait-line-height=\"inherit\" data-parallax=\"false\" data-move=\"false\" data-coordinatex=\"0\" data-coordinatey=\"0\" data-speed=\"10\"><span class=\"text-wrapper\"><span class=\"text\">Nuestro Prop\u00f3sito<\/span><span class=\"curtain\"><\/span><\/span><\/h1><span class=\"et-gap et-clearfix et-gap-602064\"><\/span><div id=\"et-icon-box-522472\" class=\"et-icon-box et-item icon-position-left icon-alignment-left hover-none\" data-parallax=\"false\" data-move=\"false\" data-coordinatex=\"0\" data-coordinatey=\"0\" data-speed=\"10\"><div class=\"et-icon-box-inner et-item-inner et-clearfix\"><div class=\"et-icon-content et-clearfix\"><h3 class=\"et-icon-box-title\">Que nuestros clientes tengan tranquilidad y certeza en el cumplimiento de sus obligaciones contables y fiscales y<\/h3><\/div><\/div><\/div><span class=\"et-gap et-clearfix et-gap-129237\"><\/span>[\/vc_column][vc_column animation_delay=\u00bb0&#8243; element_id=\u00bb491115&#8243; offset=\u00bbvc_col-lg-6 vc_col-md-12 vc_col-xs-12&#8243; crp=\u00bb480:i:i,480-768:i:i,768-1024:10:10,1024-1280:20:20,1280-1366:i:i,1366-1600:i:i,1600-1920:i:i\u00bb]<span class=\"et-gap et-clearfix et-gap-278783\"><\/span><div id=\"et-icon-box-899447\" class=\"et-icon-box et-item icon-position-left icon-alignment-left hover-none\" data-parallax=\"false\" data-move=\"false\" data-coordinatex=\"0\" data-coordinatey=\"0\" data-speed=\"10\"><div class=\"et-icon-box-inner et-item-inner et-clearfix\"><div class=\"et-icon-content et-clearfix\"><h3 class=\"et-icon-box-title\">En asesor\u00eda oportuna con efectos en sus negocios.<\/h3><\/div><\/div><\/div><span class=\"et-gap et-clearfix et-gap-129237\"><\/span>[\/vc_column][\/vc_row][vc_row gap=\u00bb0&#8243; element_id=\u00bb767292&#8243; element_css=\u00bb.vc-row-666916 .top-gradient {background:linear-gradient(to bottom, #ffffff 0%,rgba(255,255,255,0) 100%);}\u00bb grid_overlay=\u00bbblack\u00bb css=\u00bb.vc_custom_1548925835685{padding-top: 96px !important;padding-bottom: 0px !important;}\u00bb][vc_column width=\u00bb1\/4&#8243;][\/vc_column][vc_column animation_delay=\u00bb0&#8243; css_animation=\u00bbbottom-to-top\u00bb width=\u00bb1\/2&#8243; element_id=\u00bb813566&#8243; crp=\u00bb480:i:i,480-768:i:i,768-1024:i:i,1024-1280:i:i,1280-1366:i:i,1366-1600:i:i,1600-1920:i:i\u00bb]<span class=\"et-gap et-clearfix et-gap-713538\"><\/span><p class=\"et-heading text-align-center tablet-text-align-inherit mobile-text-align-inherit animate-true words-direct\" id=\"et-heading-545945\" data-delay=\"100\" data-mobile-font=\"32px\" data-mobile-line-height=\"inherit\" data-tablet-landscape-font=\"inherit\" data-tablet-portrait-font=\"inherit\" data-tablet-landscape-line-height=\"inherit\" data-tablet-portrait-line-height=\"inherit\" data-parallax=\"false\" data-move=\"false\" data-coordinatex=\"0\" data-coordinatey=\"0\" data-speed=\"10\"><span class=\"text-wrapper\"><span class=\"text\">Nuestra Experiencia<\/span><\/span><\/p><span class=\"et-gap et-clearfix et-gap-215346\"><\/span>[\/vc_column][vc_column width=\u00bb1\/4&#8243;][\/vc_column][\/vc_row][vc_row element_id=\u00bb233081&#8243; element_css=\u00bb.vc-row-666916 .top-gradient {background:linear-gradient(to bottom, #ffffff 0%,rgba(255,255,255,0) 100%);}\u00bb grid_overlay=\u00bbblack\u00bb css=\u00bb.vc_custom_1548927243306{padding-top: 0px !important;padding-bottom: 96px !important;}\u00bb][vc_column]<div id=\"et-step-box-container-273306\" class=\"column-1 et-step-box-container\"><div id=\"et-step-box-155926\" class=\"et-step-box et-item\"><div class=\"et-step-box-inner et-item-inner et-clearfix\"><div class=\"et-step-content et-clearfix\"><div class=\"step-dot\"><span class=\"before\"><\/span><\/div><h3 class=\"et-step-box-title\">Nos rodea experiencia en el \u00e1rea contable y fiscal en operaciones nacionales e internacionales por m\u00e1s de 20 a\u00f1os.<\/h3><\/div><\/div><\/div><div id=\"et-step-box-170428\" class=\"et-step-box et-item\"><div class=\"et-step-box-inner et-item-inner et-clearfix\"><div class=\"et-step-content et-clearfix\"><div class=\"step-dot\"><span class=\"before\"><\/span><\/div><h3 class=\"et-step-box-title\">Hemos participado en proyectos con diversas industrias: Automotriz, Construcci\u00f3n, Inmobiliaria, Salud, Hospitalidad, Agricultura, Alimentos, entre otros.<\/h3><\/div><\/div><\/div><div id=\"et-step-box-797573\" class=\"et-step-box et-item\"><div class=\"et-step-box-inner et-item-inner et-clearfix\"><div class=\"et-step-content et-clearfix\"><div class=\"step-dot\"><span class=\"before\"><\/span><\/div><h3 class=\"et-step-box-title\">Nuestros socios participan como catedr\u00e1ticos en el grado Universitario y de Maestr\u00eda, enfocandose en materia fiscal y seminarios de actualizaci\u00f3n fiscal.<\/h3><\/div><\/div><\/div><div id=\"et-step-box-440116\" class=\"et-step-box et-item\"><div class=\"et-step-box-inner et-item-inner et-clearfix\"><div class=\"et-step-content et-clearfix\"><div class=\"step-dot\"><span class=\"before\"><\/span><\/div><h3 class=\"et-step-box-title\">Adem\u00e1s, participan activamente en C\u00e1maras de Industria, Colegio de Contadores y en sus Comisiones.<\/h3><\/div><\/div><\/div><\/div>[\/vc_column][\/vc_row]\n","protected":false},"excerpt":{"rendered":"<p>[vc_row gap=\u00bb40&#8243; equal_height=\u00bbyes\u00bb content_placement=\u00bbmiddle\u00bb element_id=\u00bb895324&#8243; element_css=\u00bb.vc-row-331899 .animated-container {background-image:url(https:\/\/baazconsultores.com\/wp-content\/uploads\/2018\/12\/map_transparent_dark.png);}.vc-row-331899 .top-gradient {background:linear-gradient(to bottom, #fd9d50 0%,rgba(255,255,255,0) 100%);}.vc-row-331899 .bottom-gradient {background:linear-gradient(to top, #fd9d50 0%,rgba(255,255,255,0) 100%);}\u00bb css=\u00bb.vc_custom_1548927301070{padding-top: 56px !important;padding-bottom: 96px !important;}\u00bb el_id=\u00bbone-page-about-us\u00bb][vc_column animation_delay=\u00bb0&#8243; css_animation=\u00bbbottom-to-top\u00bb element_id=\u00bb843083&#8243; crp=\u00bb480:i:i,480-768:i:i,768-1024:i:i,1024-1280:15:15,1280-1366:i:i,1366-1600:i:i,1600-1920:i:i\u00bb offset=\u00bbvc_col-lg-6 vc_col-md-12 vc_col-xs-12&#8243;][vc_gallery interval=\u00bb3&#8243; images=\u00bb17879,17880&#8243; img_size=\u00bb600&#215;400&#8243; onclick=\u00bb\u00bb css_animation=\u00bbfadeInLeftBig\u00bb][\/vc_column][vc_column animation_delay=\u00bb150&#8243; css_animation=\u00bbtop-to-bottom\u00bb element_id=\u00bb504275&#8243; crp=\u00bb480:i:i,480-768:i:i,768-1024:i:i,1024-1280:15:15,1280-1366:i:i,1366-1600:i:i,1600-1920:i:i\u00bb offset=\u00bbvc_col-lg-6 vc_col-md-12 vc_col-xs-12&#8243;][vc_column_text animation_delay=\u00bb0&#8243; css_animation=\u00bbfadeInRightBig\u00bb][\/vc_column_text][\/vc_column][\/vc_row][vc_row css_animation=\u00bbfadeInUp\u00bb element_id=\u00bb635815&#8243; element_css=\u00bb.vc-row-667817 .parallax-container {background-image:url(https:\/\/baazconsultores.com\/wp-content\/uploads\/2019\/01\/industrial6-2.jpg);}\u00bb grid_overlay=\u00bbwhite\u00bb css=\u00bb.vc_custom_1638207352007{padding-top: 120px [&hellip;]<\/p>\n","protected":false},"author":3,"featured_media":0,"parent":0,"menu_order":0,"comment_status":"closed","ping_status":"closed","template":"page-vc.php","meta":{"footnotes":""},"class_list":["post-8096","page","type-page","status-publish","hentry"],"_links":{"self":[{"href":"https:\/\/baazconsultores.com\/index.php\/wp-json\/wp\/v2\/pages\/8096","targetHints":{"allow":["GET"]}}],"collection":[{"href":"https:\/\/baazconsultores.com\/index.php\/wp-json\/wp\/v2\/pages"}],"about":[{"href":"https:\/\/baazconsultores.com\/index.php\/wp-json\/wp\/v2\/types\/page"}],"author":[{"embeddable":true,"href":"https:\/\/baazconsultores.com\/index.php\/wp-json\/wp\/v2\/users\/3"}],"replies":[{"embeddable":true,"href":"https:\/\/baazconsultores.com\/index.php\/wp-json\/wp\/v2\/comments?post=8096"}],"version-history":[{"count":8,"href":"https:\/\/baazconsultores.com\/index.php\/wp-json\/wp\/v2\/pages\/8096\/revisions"}],"predecessor-version":[{"id":17884,"href":"https:\/\/baazconsultores.com\/index.php\/wp-json\/wp\/v2\/pages\/8096\/revisions\/17884"}],"wp:attachment":[{"href":"https:\/\/baazconsultores.com\/index.php\/wp-json\/wp\/v2\/media?parent=8096"}],"curies":[{"name":"wp","href":"https:\/\/api.w.org\/{rel}","templated":true}]}}