{"id":8106,"date":"2018-02-28T07:41:32","date_gmt":"2018-02-28T07:41:32","guid":{"rendered":"https:\/\/enovathemes.com\/samatex\/?page_id=8106"},"modified":"2021-11-30T15:14:55","modified_gmt":"2021-11-30T15:14:55","slug":"home-3","status":"publish","type":"page","link":"https:\/\/baazconsultores.com\/","title":{"rendered":"Inicio"},"content":{"rendered":"[vc_row gap=\u00bb40&#8243; element_id=\u00bb972640&#8243; element_css=\u00bb.vc-row-972640 .animated-container {background-image:url(https:\/\/baazconsultores.com\/wp-content\/uploads\/2018\/12\/map_transparent_dark.png);}.vc-row-972640 .top-gradient {background:linear-gradient(to bottom, #fd9d50 0%,rgba(255,255,255,0) 100%);}.vc-row-972640 .bottom-gradient {background:linear-gradient(to top, #fd9d50 0%,rgba(255,255,255,0) 100%);}\u00bb grid_overlay=\u00bbblack\u00bb animated_bg=\u00bbtrue\u00bb css=\u00bb.vc_custom_1638194739201{padding-top: 96px !important;padding-bottom: 96px !important;background-color: #ffffff !important;background-position: center !important;background-repeat: no-repeat !important;background-size: contain !important;}\u00bb animated_bg_speed=\u00bb100000&#8243; animated_bg_image=\u00bb13260&#8243; el_class=\u00bbcontent-box-padding-2&#8243; gradient_color=\u00bb#fd9d50&#8243; el_id=\u00bbone-page-benefits\u00bb][vc_column animation_delay=\u00bb0&#8243; css_animation=\u00bbbottom-to-top\u00bb element_id=\u00bb179827&#8243; offset=\u00bbvc_col-lg-12 vc_col-md-12 vc_col-xs-12&#8243; crp=\u00bb480:0:0,480-768:0:0,768-1024:10:10,1024-1280:20:20,1280-1366:i:i,1366-1600:i:i,1600-1920:i:i\u00bb css=\u00bb.vc_custom_1548507158845{padding-right: 300px !important;padding-left: 300px !important;}\u00bb]<h3 class=\"et-heading text-align-center tablet-text-align-inherit mobile-text-align-inherit animate-true words-direct\" id=\"et-heading-593190\" data-delay=\"0\" data-mobile-font=\"56px\" data-mobile-line-height=\"56px\" data-tablet-landscape-font=\"inherit\" data-tablet-portrait-font=\"inherit\" data-tablet-landscape-line-height=\"inherit\" data-tablet-portrait-line-height=\"inherit\" data-parallax=\"false\" data-move=\"false\" data-coordinatex=\"0\" data-coordinatey=\"0\" data-speed=\"10\"><span class=\"text-wrapper\"><span class=\"text\">Acerca de BAAZ<\/span><\/span><\/h3><span class=\"et-gap et-clearfix et-gap-764917\"><\/span>[vc_column_text animation_delay=\u00bb50&#8243; css_animation=\u00bbbottom-to-top\u00bb]\n<p style=\"text-align: center; font-weight: 600; color: #000000;\"><span class=\"et-font-size\" data-fontsize=\"24px\" data-lineheight=\"32px\">Somos un despacho boutique de profesionistas especializados en materia contable y fiscal.<\/span>\n[\/vc_column_text][\/vc_column][vc_column animation_delay=\u00bb150&#8243; css_animation=\u00bbbottom-to-top\u00bb element_id=\u00bb744393&#8243; offset=\u00bbvc_col-lg-4 vc_col-md-4 vc_col-xs-12&#8243; crp=\u00bb480:i:i,480-768:i:i,768-1024:15:15,1024-1280:i:i,1280-1366:i:i,1366-1600:i:i,1600-1920:i:i\u00bb]<div id=\"et-icon-box-732853\" class=\"link et-icon-box et-item icon-position-top icon-alignment-center hover-scale\" data-parallax=\"false\" data-move=\"false\" data-coordinatex=\"0\" data-coordinatey=\"0\" data-speed=\"10\"><div class=\"et-icon-box-inner et-item-inner et-clearfix\"><a href=\"https:\/\/baazconsultores.com\/index.php\/nosotros\/\"><div class=\"et-icon border-radius-large full large-xx\"><span class=\"el-icon fas fa-arrow-up\"><\/span><\/div><div class=\"et-icon-content et-clearfix\"><h4 class=\"et-icon-box-title\">Experiencia<\/h4><p class=\"et-icon-box-content\">Nos rodea experiencia en el \u00e1rea contable y fiscal en operaciones nacionales e internacionales por m\u00e1s de 20 a\u00f1os.<\/p><\/div><\/a><\/div><\/div>[\/vc_column][vc_column animation_delay=\u00bb300&#8243; css_animation=\u00bbbottom-to-top\u00bb element_id=\u00bb193947&#8243; offset=\u00bbvc_col-lg-4 vc_col-md-4 vc_col-xs-12&#8243; crp=\u00bb480:i:i,480-768:i:i,768-1024:15:15,1024-1280:i:i,1280-1366:i:i,1366-1600:i:i,1600-1920:i:i\u00bb]<div id=\"et-icon-box-278559\" class=\"link et-icon-box et-item icon-position-top icon-alignment-center hover-scale\" data-parallax=\"false\" data-move=\"false\" data-coordinatex=\"0\" data-coordinatey=\"0\" data-speed=\"10\"><div class=\"et-icon-box-inner et-item-inner et-clearfix\"><a href=\"https:\/\/baazconsultores.com\/index.php\/nosotros\/\"><div class=\"et-icon border-radius-large full large-xx\"><span class=\"el-icon fas fa-users\"><\/span><\/div><div class=\"et-icon-content et-clearfix\"><h4 class=\"et-icon-box-title\">Confianza<\/h4><p class=\"et-icon-box-content\">En el cumplimiento de las obligaciones contables y fiscales de nuestros clientes<\/p><\/div><\/a><\/div><\/div>[\/vc_column][vc_column animation_delay=\u00bb450&#8243; css_animation=\u00bbbottom-to-top\u00bb element_id=\u00bb234252&#8243; offset=\u00bbvc_col-lg-4 vc_col-md-4 vc_col-xs-12&#8243; crp=\u00bb480:i:i,480-768:i:i,768-1024:15:15,1024-1280:i:i,1280-1366:i:i,1366-1600:i:i,1600-1920:i:i\u00bb]<div id=\"et-icon-box-3997\" class=\"link et-icon-box et-item icon-position-top icon-alignment-center hover-scale\" data-parallax=\"false\" data-move=\"false\" data-coordinatex=\"0\" data-coordinatey=\"0\" data-speed=\"10\"><div class=\"et-icon-box-inner et-item-inner et-clearfix\"><a href=\"https:\/\/baazconsultores.com\/index.php\/nosotros\/\"><div class=\"et-icon border-radius-large full large-xx\"><span class=\"el-icon fas fa-balance-scale\"><\/span><\/div><div class=\"et-icon-content et-clearfix\"><h4 class=\"et-icon-box-title\">Eficiencia<\/h4><p class=\"et-icon-box-content\">En asesor\u00eda oportuna con efectos en sus negocios.<\/p><\/div><\/a><\/div><\/div>[\/vc_column][\/vc_row][vc_section css_animation=\u00bbfadeInRight\u00bb css=\u00bb.vc_custom_1638196852632{background-image: url(https:\/\/baazconsultores.com\/wp-content\/uploads\/2021\/11\/fondo-01.jpg?id=17853) !important;}\u00bb][vc_row][vc_column][vc_empty_space height=\u00bb100&#8243;]<h1 class=\"et-heading text-align-center tablet-text-align-inherit mobile-text-align-inherit animate-true curtain-right curtain\" id=\"et-heading-144296\" data-delay=\"0\" data-mobile-font=\"inherit\" data-mobile-line-height=\"inherit\" data-tablet-landscape-font=\"inherit\" data-tablet-portrait-font=\"inherit\" data-tablet-landscape-line-height=\"inherit\" data-tablet-portrait-line-height=\"inherit\" data-parallax=\"false\" data-move=\"false\" data-coordinatex=\"0\" data-coordinatey=\"0\" data-speed=\"10\"><span class=\"text-wrapper\"><span class=\"text\">Nuestros Servicios<\/span><span class=\"curtain\"><\/span><\/span><\/h1>[vc_empty_space]<div id=\"et-icon-box-container-652527\" class=\"column-4 et-icon-box-container et-item-set effect-moveUp animation-type-sequential top no-border\"><div id=\"et-icon-box-148082\" class=\"link et-icon-box et-item icon-position-top icon-alignment-center hover-none\" data-parallax=\"false\" data-move=\"false\" data-coordinatex=\"0\" data-coordinatey=\"0\" data-speed=\"10\"><div class=\"et-icon-box-inner et-item-inner et-clearfix\"><a href=\"https:\/\/baazconsultores.com\/index.php\/servicios\/\"><div class=\"et-icon large\"><span class=\"el-icon fas fa-table\"><\/span><\/div><div class=\"et-icon-content et-clearfix\"><h6 class=\"et-icon-box-title\">Contabilidad y Reporteo<\/h6><\/div><\/a><\/div><\/div><div id=\"et-icon-box-382836\" class=\"link et-icon-box et-item icon-position-top icon-alignment-center hover-none\" data-parallax=\"false\" data-move=\"false\" data-coordinatex=\"0\" data-coordinatey=\"0\" data-speed=\"10\"><div class=\"et-icon-box-inner et-item-inner et-clearfix\"><a href=\"https:\/\/baazconsultores.com\/index.php\/servicios\/\"><div class=\"et-icon large\"><span class=\"el-icon fas fa-file-invoice-dollar\"><\/span><\/div><div class=\"et-icon-content et-clearfix\"><h6 class=\"et-icon-box-title\">Elaboraci\u00f3n de Estados Financieros<\/h6><\/div><\/a><\/div><\/div><div id=\"et-icon-box-869457\" class=\"link et-icon-box et-item icon-position-top icon-alignment-center hover-none\" data-parallax=\"false\" data-move=\"false\" data-coordinatex=\"0\" data-coordinatey=\"0\" data-speed=\"10\"><div class=\"et-icon-box-inner et-item-inner et-clearfix\"><a href=\"https:\/\/baazconsultores.com\/index.php\/servicios\/\"><div class=\"et-icon large\"><span class=\"el-icon fas fa-coins\"><\/span><\/div><div class=\"et-icon-content et-clearfix\"><h6 class=\"et-icon-box-title\">Contabilidad Electr\u00f3nica<\/h6><\/div><\/a><\/div><\/div><div id=\"et-icon-box-484694\" class=\"link et-icon-box et-item icon-position-top icon-alignment-center hover-none\" data-parallax=\"false\" data-move=\"false\" data-coordinatex=\"0\" data-coordinatey=\"0\" data-speed=\"10\"><div class=\"et-icon-box-inner et-item-inner et-clearfix\"><a href=\"https:\/\/baazconsultores.com\/index.php\/servicios\/\"><div class=\"et-icon large\"><span class=\"el-icon fas fa-eye\"><\/span><\/div><div class=\"et-icon-content et-clearfix\"><h6 class=\"et-icon-box-title\">Diagn\u00f3stico contable y fiscal<\/h6><\/div><\/a><\/div><\/div><div id=\"et-icon-box-743151\" class=\"link et-icon-box et-item icon-position-top icon-alignment-center hover-none\" data-parallax=\"false\" data-move=\"false\" data-coordinatex=\"0\" data-coordinatey=\"0\" data-speed=\"10\"><div class=\"et-icon-box-inner et-item-inner et-clearfix\"><a href=\"https:\/\/baazconsultores.com\/index.php\/servicios\/\"><div class=\"et-icon large\"><span class=\"el-icon fas fa-hand-holding-usd\"><\/span><\/div><div class=\"et-icon-content et-clearfix\"><h6 class=\"et-icon-box-title\">Elaboraci\u00f3n de Impuestos<\/h6><\/div><\/a><\/div><\/div><div id=\"et-icon-box-494482\" class=\"link et-icon-box et-item icon-position-top icon-alignment-center hover-none\" data-parallax=\"false\" data-move=\"false\" data-coordinatex=\"0\" data-coordinatey=\"0\" data-speed=\"10\"><div class=\"et-icon-box-inner et-item-inner et-clearfix\"><a href=\"https:\/\/baazconsultores.com\/index.php\/servicios\/\"><div class=\"et-icon large\"><span class=\"el-icon fas fa-file-signature\"><\/span><\/div><div class=\"et-icon-content et-clearfix\"><h6 class=\"et-icon-box-title\">Revisi\u00f3n de Impuestos<\/h6><\/div><\/a><\/div><\/div><div id=\"et-icon-box-583196\" class=\"link et-icon-box et-item icon-position-top icon-alignment-center hover-none\" data-parallax=\"false\" data-move=\"false\" data-coordinatex=\"0\" data-coordinatey=\"0\" data-speed=\"10\"><div class=\"et-icon-box-inner et-item-inner et-clearfix\"><a href=\"https:\/\/baazconsultores.com\/index.php\/servicios\/\"><div class=\"et-icon large\"><span class=\"el-icon fas fa-undo-alt\"><\/span><\/div><div class=\"et-icon-content et-clearfix\"><h6 class=\"et-icon-box-title\">Devoluciones de IVA<\/h6><\/div><\/a><\/div><\/div><div id=\"et-icon-box-609029\" class=\"link et-icon-box et-item icon-position-top icon-alignment-center hover-none\" data-parallax=\"false\" data-move=\"false\" data-coordinatex=\"0\" data-coordinatey=\"0\" data-speed=\"10\"><div class=\"et-icon-box-inner et-item-inner et-clearfix\"><a href=\"https:\/\/baazconsultores.com\/index.php\/servicios\/\"><div class=\"et-icon large\"><span class=\"el-icon fas fa-clipboard-check\"><\/span><\/div><div class=\"et-icon-content et-clearfix\"><h6 class=\"et-icon-box-title\">Asesor\u00eda en oficios\/invitaciones SAT<\/h6><\/div><\/a><\/div><\/div><div id=\"et-icon-box-807292\" class=\"link et-icon-box et-item icon-position-top icon-alignment-center hover-none\" data-parallax=\"false\" data-move=\"false\" data-coordinatex=\"0\" data-coordinatey=\"0\" data-speed=\"10\"><div class=\"et-icon-box-inner et-item-inner et-clearfix\"><a href=\"https:\/\/baazconsultores.com\/index.php\/servicios\/\"><div class=\"et-icon large\"><span class=\"el-icon fas fa-binoculars\"><\/span><\/div><div class=\"et-icon-content et-clearfix\"><h6 class=\"et-icon-box-title\">Identificaci\u00f3n de Riesgos<\/h6><\/div><\/a><\/div><\/div><div id=\"et-icon-box-49287\" class=\"link et-icon-box et-item icon-position-top icon-alignment-center hover-none\" data-parallax=\"false\" data-move=\"false\" data-coordinatex=\"0\" data-coordinatey=\"0\" data-speed=\"10\"><div class=\"et-icon-box-inner et-item-inner et-clearfix\"><a href=\"https:\/\/baazconsultores.com\/index.php\/servicios\/\"><div class=\"et-icon large\"><span class=\"el-icon fas fa-chalkboard-teacher\"><\/span><\/div><div class=\"et-icon-content et-clearfix\"><h6 class=\"et-icon-box-title\">Asesor\u00eda Fiscal Recurrente<\/h6><\/div><\/a><\/div><\/div><div id=\"et-icon-box-505666\" class=\"link et-icon-box et-item icon-position-top icon-alignment-center hover-none\" data-parallax=\"false\" data-move=\"false\" data-coordinatex=\"0\" data-coordinatey=\"0\" data-speed=\"10\"><div class=\"et-icon-box-inner et-item-inner et-clearfix\"><a href=\"https:\/\/baazconsultores.com\/index.php\/servicios\/\"><div class=\"et-icon large\"><span class=\"el-icon fas fa-universal-access\"><\/span><\/div><div class=\"et-icon-content et-clearfix\"><h6 class=\"et-icon-box-title\">Asesor\u00eda en Transacciones: Adquisici\u00f3n o Ventas<\/h6><\/div><\/a><\/div><\/div><div id=\"et-icon-box-511277\" class=\"link et-icon-box et-item icon-position-top icon-alignment-center hover-none\" data-parallax=\"false\" data-move=\"false\" data-coordinatex=\"0\" data-coordinatey=\"0\" data-speed=\"10\"><div class=\"et-icon-box-inner et-item-inner et-clearfix\"><a href=\"https:\/\/baazconsultores.com\/index.php\/servicios\/\"><div class=\"et-icon large\"><span class=\"el-icon fas fa-chalkboard\"><\/span><\/div><div class=\"et-icon-content et-clearfix\"><h6 class=\"et-icon-box-title\">Cursos t\u00e9cnicos en materia contable y fiscal<\/h6><\/div><\/a><\/div><\/div><\/div>[vc_empty_space height=\u00bb100&#8243;][\/vc_column][\/vc_row][\/vc_section][vc_section css_animation=\u00bbfadeInLeft\u00bb css=\u00bb.vc_custom_1638203813703{background-image: url(https:\/\/baazconsultores.com\/wp-content\/uploads\/2021\/11\/fondo-02.jpg?id=17856) !important;}\u00bb][vc_row gap=\u00bb8&#8243; element_id=\u00bb132207&#8243;][vc_column width=\u00bb1\/4&#8243;][\/vc_column][vc_column width=\u00bb2\/4&#8243;][vc_empty_space height=\u00bb70px\u00bb][vc_column_text animation_delay=\u00bb0&#8243; css_animation=\u00bbfadeIn\u00bb]\n<h5 style=\"text-align: center;\"><span style=\"color: #ffffff;\"><strong>Nuestros clientes tengan tranquilidad y certeza en el cumplimiento de sus obligaciones contables y fiscales y en asesor\u00eda oportuna con efectos en sus negocios.<\/strong><\/span><\/h5>\n[\/vc_column_text][vc_empty_space height=\u00bb70px\u00bb][\/vc_column][vc_column width=\u00bb1\/4&#8243;][\/vc_column][\/vc_row][\/vc_section]\n","protected":false},"excerpt":{"rendered":"<p>[vc_row gap=\u00bb40&#8243; element_id=\u00bb972640&#8243; element_css=\u00bb.vc-row-972640 .animated-container {background-image:url(https:\/\/baazconsultores.com\/wp-content\/uploads\/2018\/12\/map_transparent_dark.png);}.vc-row-972640 .top-gradient {background:linear-gradient(to bottom, #fd9d50 0%,rgba(255,255,255,0) 100%);}.vc-row-972640 .bottom-gradient {background:linear-gradient(to top, #fd9d50 0%,rgba(255,255,255,0) 100%);}\u00bb grid_overlay=\u00bbblack\u00bb animated_bg=\u00bbtrue\u00bb css=\u00bb.vc_custom_1638194739201{padding-top: 96px !important;padding-bottom: 96px !important;background-color: #ffffff !important;background-position: center !important;background-repeat: no-repeat !important;background-size: contain !important;}\u00bb animated_bg_speed=\u00bb100000&#8243; animated_bg_image=\u00bb13260&#8243; el_class=\u00bbcontent-box-padding-2&#8243; gradient_color=\u00bb#fd9d50&#8243; el_id=\u00bbone-page-benefits\u00bb][vc_column animation_delay=\u00bb0&#8243; css_animation=\u00bbbottom-to-top\u00bb element_id=\u00bb179827&#8243; offset=\u00bbvc_col-lg-12 vc_col-md-12 vc_col-xs-12&#8243; crp=\u00bb480:0:0,480-768:0:0,768-1024:10:10,1024-1280:20:20,1280-1366:i:i,1366-1600:i:i,1600-1920:i:i\u00bb css=\u00bb.vc_custom_1548507158845{padding-right: 300px !important;padding-left: 300px !important;}\u00bb][vc_column_text animation_delay=\u00bb50&#8243; css_animation=\u00bbbottom-to-top\u00bb] [\/vc_column_text][\/vc_column][vc_column animation_delay=\u00bb150&#8243; css_animation=\u00bbbottom-to-top\u00bb [&hellip;]<\/p>\n","protected":false},"author":3,"featured_media":0,"parent":0,"menu_order":0,"comment_status":"closed","ping_status":"closed","template":"page-vc.php","meta":{"footnotes":""},"class_list":["post-8106","page","type-page","status-publish","hentry"],"_links":{"self":[{"href":"https:\/\/baazconsultores.com\/index.php\/wp-json\/wp\/v2\/pages\/8106","targetHints":{"allow":["GET"]}}],"collection":[{"href":"https:\/\/baazconsultores.com\/index.php\/wp-json\/wp\/v2\/pages"}],"about":[{"href":"https:\/\/baazconsultores.com\/index.php\/wp-json\/wp\/v2\/types\/page"}],"author":[{"embeddable":true,"href":"https:\/\/baazconsultores.com\/index.php\/wp-json\/wp\/v2\/users\/3"}],"replies":[{"embeddable":true,"href":"https:\/\/baazconsultores.com\/index.php\/wp-json\/wp\/v2\/comments?post=8106"}],"version-history":[{"count":14,"href":"https:\/\/baazconsultores.com\/index.php\/wp-json\/wp\/v2\/pages\/8106\/revisions"}],"predecessor-version":[{"id":17899,"href":"https:\/\/baazconsultores.com\/index.php\/wp-json\/wp\/v2\/pages\/8106\/revisions\/17899"}],"wp:attachment":[{"href":"https:\/\/baazconsultores.com\/index.php\/wp-json\/wp\/v2\/media?parent=8106"}],"curies":[{"name":"wp","href":"https:\/\/api.w.org\/{rel}","templated":true}]}}